{"id":2410,"date":"2015-12-04T15:31:47","date_gmt":"2015-12-04T15:31:47","guid":{"rendered":"http:\/\/www.spgold.pt\/web\/?page_id=2410"},"modified":"2016-05-03T16:02:28","modified_gmt":"2016-05-03T16:02:28","slug":"agencia-spgold","status":"publish","type":"page","link":"https:\/\/www.spgold.pt\/web\/agencia-spgold\/","title":{"rendered":"Ag\u00eancia SPGold"},"content":{"rendered":"<p class=\"auto-style32\" style=\"text-align: center;\"><strong>Ag\u00eancia<\/strong> <strong>Spgold<\/strong><\/p>\n<p class=\"auto-style22\" style=\"text-align: center;\"><strong>A SPgold dedica-se \u00e0 reciclagem dos metais preciosos.<\/strong><\/p>\n<p class=\"auto-style27\" style=\"text-align: justify;\"><em>Tanto para com\u00e9rcio ou ind\u00fastria e investidores, damos uma nova vida ao seu ouro, prata ou platina; principais metais preciosos que adquirimos.<br \/>\nQualquer desses metais podem ser adquiridos com sinceridade e credibilidade, por valores de mercado aceit\u00e1veis\u00a0 pela maioria dos clientes.<br \/>\nOuro igual a dinheiro pois tem valor de mercado , sendo este o \u00fanico bem que temos em casa que valorizou ao longo dos anos. Tamb\u00e9m negociamos cautelas de penhor e vendemos barras para investimento e fornecimente de ouro para industria.<\/em><\/p>\n<p class=\"auto-style22\" style=\"text-align: center;\"><em><strong>Rentabilize o seu neg\u00f3cio ou a sua actividade, invista numa Ag\u00eancia SPGold<\/strong><\/em><\/p>\n<p class=\"auto-style22\" style=\"text-align: center;\"><em><strong>&#8220;Ag\u00eancia Chave na M\u00e3o&#8221;<\/strong><\/em><\/p>\n<p class=\"auto-style22\" style=\"text-align: center;\"><img loading=\"lazy\" decoding=\"async\" class=\"alignnone size-full wp-image-2450\" src=\"http:\/\/www.spgold.pt\/web\/wp-content\/uploads\/agencia.png\" alt=\"agencia\" width=\"253\" height=\"203\" srcset=\"https:\/\/www.spgold.pt\/web\/wp-content\/uploads\/agencia.png 253w, https:\/\/www.spgold.pt\/web\/wp-content\/uploads\/agencia-182x146.png 182w, https:\/\/www.spgold.pt\/web\/wp-content\/uploads\/agencia-50x40.png 50w, https:\/\/www.spgold.pt\/web\/wp-content\/uploads\/agencia-93x75.png 93w\" sizes=\"auto, (max-width:767px) 253px, 253px\" \/><\/p>\n<p class=\"auto-style43\" style=\"text-align: center;\">Qual a diferen\u00e7a de uma &#8220;Ag\u00eancia SPGold&#8221; e um Franchising &#8220;SPGold&#8221;?<\/p>\n<p class=\"auto-style39\" style=\"text-align: justify;\">\u00a0<span class=\"auto-style19\">O Agente pode juntar ao seu pr\u00f3prio neg\u00f3cio uma agencia Spgold, desde que tenha um espa\u00e7o condigno e individual, Loja\/Escrit\u00f3rio\/Espa\u00e7os.<\/span><\/p>\n<p class=\"auto-style39\" style=\"text-align: justify;\"><span class=\"auto-style19\">\u00a0No Franchising &#8220;SPGold&#8221; &#8211; o valor inicial do Franchising ser\u00e1 negoci\u00e1vel por ambas as partes.- No Franchising &#8220;SPGold&#8221; &#8211; recebem forma\u00e7\u00e3o te\u00f3rica\/pr\u00e1tica, decora\u00e7\u00e3o da loja, mobili\u00e1rio, computador, software, impressora multifun\u00e7\u00f5es, cofre, CCTV, equipamento de verifica\u00e7\u00e3o dos metais, balan\u00e7a, mini laborat\u00f3rio SPgold, 50% do valor de um painel publicit\u00e1rio de faxada, primeira publicidade.- No Franchising &#8220;SPGold&#8221; o Franchisado deve como \u00e1rea recomendada para o espa\u00e7o de 15m2, telefone de rede fixa, liga\u00e7\u00e3o \u00e0 internet, alarme com liga\u00e7\u00e3o a central, seguro de acidentes de trabalho, ordenado, seguran\u00e7a social, obras no local, seguro Multiriscos, taxas e licen\u00e7as dos reclames exteriores, contrastaria, etc. \u2026<\/span><\/p>\n<p class=\"auto-style39\" style=\"text-align: center;\"><strong>Perguntas mais frequentes sobre uma Ag\u00eancia SPGold<\/strong><\/p>\n<p class=\"auto-style39\" style=\"text-align: justify;\"><div class=\"su-spoiler su-spoiler-style-default su-spoiler-icon-plus su-spoiler-closed\" data-scroll-offset=\"0\" data-anchor-in-url=\"no\"><div class=\"su-spoiler-title\" tabindex=\"0\" role=\"button\"><span class=\"su-spoiler-icon\"><\/span>Que devo fazer para iniciar a aquisi\u00e7\u00e3o de uma 'Ag\u00eancia SPGold?'<\/div><div class=\"su-spoiler-content su-u-clearfix su-u-trim\">\n<p class=\"auto-style39\" style=\"text-align: justify;\">Deve entrar em contacto com o nosso departamento de expans\u00e3o Tels: 963 515 859\u00a0\/\u00a0918 899 053<\/div><\/div>\n<p class=\"auto-style39\" style=\"text-align: justify;\"><div class=\"su-spoiler su-spoiler-style-default su-spoiler-icon-plus su-spoiler-closed\" data-scroll-offset=\"0\" data-anchor-in-url=\"no\"><div class=\"su-spoiler-title\" tabindex=\"0\" role=\"button\"><span class=\"su-spoiler-icon\"><\/span>Quanto custa a aquisi\u00e7\u00e3o de uma 'Ag\u00eancia SPGold'?<\/div><div class=\"su-spoiler-content su-u-clearfix su-u-trim\">\n<p class=\"auto-style39\" style=\"text-align: justify;\"><span class=\"auto-style19\"><span class=\"auto-style15\">U<\/span><\/span><span class=\"auto-style19\"><span class=\"auto-style19\"><span class=\"auto-style15\">ma Ag\u00eancia Spgold poder\u00e1 ser gratuita, venha saber como!<\/span><\/span><\/span><\/div><\/div>\n<p class=\"auto-style39\" style=\"text-align: justify;\"><div class=\"su-spoiler su-spoiler-style-default su-spoiler-icon-plus su-spoiler-closed\" data-scroll-offset=\"0\" data-anchor-in-url=\"no\"><div class=\"su-spoiler-title\" tabindex=\"0\" role=\"button\"><span class=\"su-spoiler-icon\"><\/span>O que recebe uma 'Ag\u00eancia SPGold'?<\/div><div class=\"su-spoiler-content su-u-clearfix su-u-trim\">\n<p class=\"auto-style39\" style=\"text-align: justify;\">Todos as Ag\u00eancias recebem forma\u00e7\u00e3o te\u00f3rica\/pr\u00e1tica, equipamento de verifica\u00e7\u00e3o dos metais balan\u00e7a, mini laborat\u00f3rio SPgold, 50% do valor de um painel publicit\u00e1rio de faxada, primeira publicidade.<\/div><\/div>\n<p class=\"auto-style39\" style=\"text-align: justify;\"><div class=\"su-spoiler su-spoiler-style-default su-spoiler-icon-plus su-spoiler-closed\" data-scroll-offset=\"0\" data-anchor-in-url=\"no\"><div class=\"su-spoiler-title\" tabindex=\"0\" role=\"button\"><span class=\"su-spoiler-icon\"><\/span>Qual a comiss\u00e3o de uma 'Ag\u00eancia SPGold'?<\/div><div class=\"su-spoiler-content su-u-clearfix su-u-trim\">\n<p class=\"auto-style39\" style=\"text-align: justify;\">A comiss\u00e3o a receber pela Ag\u00eancia S.P.Gold \u00e9 sempre sobre a comiss\u00e3o negociada.<\/div><\/div>\n<p class=\"auto-style39\" style=\"text-align: justify;\"><div class=\"su-spoiler su-spoiler-style-default su-spoiler-icon-plus su-spoiler-closed\" data-scroll-offset=\"0\" data-anchor-in-url=\"no\"><div class=\"su-spoiler-title\" tabindex=\"0\" role=\"button\"><span class=\"su-spoiler-icon\"><\/span>Quando \u00e9 que essa comiss\u00e3o \u00e9 paga por 'SPGold Sede'?<\/div><div class=\"su-spoiler-content su-u-clearfix su-u-trim\">\n<p class=\"auto-style39\" style=\"text-align: justify;\">A comiss\u00e3o \u00e9 paga, sempre ap\u00f3s a emiss\u00e3o da factura.<\/div><\/div>\n<p class=\"auto-style39\" style=\"text-align: justify;\"><div class=\"su-spoiler su-spoiler-style-default su-spoiler-icon-plus su-spoiler-closed\" data-scroll-offset=\"0\" data-anchor-in-url=\"no\"><div class=\"su-spoiler-title\" tabindex=\"0\" role=\"button\"><span class=\"su-spoiler-icon\"><\/span>De quem \u00e9 a responsabilidade do espa\u00e7o de uma 'Ag\u00eancia SPGold'?<\/div><div class=\"su-spoiler-content su-u-clearfix su-u-trim\">Todo o espa\u00e7o de decora\u00e7\u00e3o e bem estar do cliente, \u00e9 da exclusiva responsabilidade de quem\u00a0 assina o contracto da &#8220;Ag\u00eancia S.P.Gold&#8221;.<\/div><\/div>\n<p class=\"auto-style39\" style=\"text-align: justify;\"><div class=\"su-spoiler su-spoiler-style-default su-spoiler-icon-plus su-spoiler-closed\" data-scroll-offset=\"0\" data-anchor-in-url=\"no\"><div class=\"su-spoiler-title\" tabindex=\"0\" role=\"button\"><span class=\"su-spoiler-icon\"><\/span>A quem pertence os custos de Seguran\u00e7a Social e outros?<\/div><div class=\"su-spoiler-content su-u-clearfix su-u-trim\">O colaborador ou colaboradores da Ag\u00eancia S.P.Gold., todos os custos dos mesmos, dentro da lei abrangente e obrigat\u00f3ria, \u00e9 da responsabilidade exclusiva de quem assina o contracto da &#8220;Ag\u00eancia S.P.Gold&#8221;. exemplo:(taxas e licen\u00e7as dos reclames exteriores Seguran\u00e7a Social etc&#8230;)<\/div><\/div>\n<p class=\"auto-style39\" style=\"text-align: justify;\"><div class=\"su-spoiler su-spoiler-style-default su-spoiler-icon-plus su-spoiler-closed\" data-scroll-offset=\"0\" data-anchor-in-url=\"no\"><div class=\"su-spoiler-title\" tabindex=\"0\" role=\"button\"><span class=\"su-spoiler-icon\"><\/span>Qual o tempo que dura o contracto da 'Ag\u00eancia SPGold'?<\/div><div class=\"su-spoiler-content su-u-clearfix su-u-trim\">Contrato de &#8220;Ag\u00eancia SPGold&#8221; ser\u00e1 sempre a determinar por ambas as partes\u201d, Se todo o processo tiver decorrido dentro da normalidade, o contrato ser\u00e1 renovado automaticamente. Em caso de rescis\u00e3o por parte da &#8220;Ag\u00eancia S.P.Gold&#8221; ou da &#8220;S.P.Gold Lda. Sede&#8221;, sem motivo previsto por lei, neste contrato existe uma clausula de penaliza\u00e7\u00e3o para ambas as partes.<\/div><\/div>\n<p class=\"auto-style39\" style=\"text-align: justify;\"><div class=\"su-spoiler su-spoiler-style-default su-spoiler-icon-plus su-spoiler-closed\" data-scroll-offset=\"0\" data-anchor-in-url=\"no\"><div class=\"su-spoiler-title\" tabindex=\"0\" role=\"button\"><span class=\"su-spoiler-icon\"><\/span>Qual o tempo necess\u00e1rio desde a assinatura do contrato e a abertura, de uma 'Ag\u00eancia SPGold'?<\/div><div class=\"su-spoiler-content su-u-clearfix su-u-trim\">O tempo m\u00e9dio para a abertura de uma &#8220;Ag\u00eancia SPGold&#8221; \u00e9 de 30 dias.<\/div><\/div>\n<p class=\"auto-style39\" style=\"text-align: justify;\"><div class=\"su-spoiler su-spoiler-style-default su-spoiler-icon-plus su-spoiler-closed\" data-scroll-offset=\"0\" data-anchor-in-url=\"no\"><div class=\"su-spoiler-title\" tabindex=\"0\" role=\"button\"><span class=\"su-spoiler-icon\"><\/span>Como vou acreditar ser um negocio rent\u00e1vel?<\/div><div class=\"su-spoiler-content su-u-clearfix su-u-trim\">Com prova de factura\u00e7\u00e3o da empresa &#8220;SPGold&#8221;<\/div><\/div>\n<p class=\"auto-style22\" style=\"text-align: center;\"><span class=\"auto-style36\"><strong>Ligue-nos venha saber mais condi\u00e7\u00f5es desta fantastica oportunidade\u00a0 de neg\u00f3cio!!<\/strong><\/span><\/p>\n<p class=\"auto-style22\" style=\"text-align: center;\"><img loading=\"lazy\" decoding=\"async\" class=\"alignnone size-medium wp-image-2460\" src=\"http:\/\/www.spgold.pt\/web\/wp-content\/uploads\/Logo-Template-Logo_10-300x146.png\" alt=\"Logo Template - Logo_10\" width=\"300\" height=\"146\" srcset=\"https:\/\/www.spgold.pt\/web\/wp-content\/uploads\/Logo-Template-Logo_10-300x146.png 300w, https:\/\/www.spgold.pt\/web\/wp-content\/uploads\/Logo-Template-Logo_10-260x126.png 260w, https:\/\/www.spgold.pt\/web\/wp-content\/uploads\/Logo-Template-Logo_10-50x24.png 50w, https:\/\/www.spgold.pt\/web\/wp-content\/uploads\/Logo-Template-Logo_10-150x73.png 150w, https:\/\/www.spgold.pt\/web\/wp-content\/uploads\/Logo-Template-Logo_10.png 560w\" sizes=\"auto, (max-width:767px) 300px, 300px\" \/><\/p>\n<p class=\"auto-style24\" style=\"text-align: center;\"><strong><span class=\"auto-style8\"><span class=\"auto-style11\">Credibilidade<\/span><\/span><\/strong><span class=\"auto-style9\"><span class=\"auto-style19\"><b>\u00a0<\/b><\/span><\/span><\/p>\n<p class=\"auto-style10\" style=\"text-align: justify;\"><span class=\"auto-style9\"><span class=\"auto-style19\"><em>\u00a0\u00a0A nossa empresa \u00e9 constitu\u00edda por pessoas com vasto conhecimento no ramo da ourivesaria, onde o seu trabalho ao longo dos anos foi feito dentro da seriedade e credibilidade dos seus clientes e fornecedores.<br \/>\nEfectuamos todos os procedimentos que conferem com as leis existentes no pa\u00eds somos uma empresa registada legalmente na conservat\u00f3ria comercial de Lisboa \u2013 <\/em><\/span><span class=\"auto-style11\"><em>Licenciada pela casa da moeda <strong>L340089<\/strong> e <strong>L340097<\/strong>. Estamos assim creditados para adquirir os seus metais preciosos com seguran\u00e7a.<\/em><\/span><\/span><\/p>\n","protected":false},"excerpt":{"rendered":"<p>Ag\u00eancia Spgold A SPgold dedica-se \u00e0 reciclagem dos metais preciosos. Tanto para com\u00e9rcio ou ind\u00fastria e investidores, damos uma nova vida ao seu ouro, prata ou<span class=\"excerpt-hellip\"> [\u2026]<\/span><\/p>\n","protected":false},"author":4,"featured_media":0,"parent":0,"menu_order":0,"comment_status":"closed","ping_status":"closed","template":"","meta":{"footnotes":""},"class_list":["post-2410","page","type-page","status-publish","hentry"],"_links":{"self":[{"href":"https:\/\/www.spgold.pt\/web\/wp-json\/wp\/v2\/pages\/2410","targetHints":{"allow":["GET"]}}],"collection":[{"href":"https:\/\/www.spgold.pt\/web\/wp-json\/wp\/v2\/pages"}],"about":[{"href":"https:\/\/www.spgold.pt\/web\/wp-json\/wp\/v2\/types\/page"}],"author":[{"embeddable":true,"href":"https:\/\/www.spgold.pt\/web\/wp-json\/wp\/v2\/users\/4"}],"replies":[{"embeddable":true,"href":"https:\/\/www.spgold.pt\/web\/wp-json\/wp\/v2\/comments?post=2410"}],"version-history":[{"count":0,"href":"https:\/\/www.spgold.pt\/web\/wp-json\/wp\/v2\/pages\/2410\/revisions"}],"wp:attachment":[{"href":"https:\/\/www.spgold.pt\/web\/wp-json\/wp\/v2\/media?parent=2410"}],"curies":[{"name":"wp","href":"https:\/\/api.w.org\/{rel}","templated":true}]}}