{"id":2409,"date":"2015-12-04T15:31:28","date_gmt":"2015-12-04T15:31:28","guid":{"rendered":"http:\/\/www.spgold.pt\/web\/?page_id=2409"},"modified":"2016-05-04T11:46:20","modified_gmt":"2016-05-04T11:46:20","slug":"franshising-spgold","status":"publish","type":"page","link":"https:\/\/www.spgold.pt\/web\/franshising-spgold\/","title":{"rendered":"Franshising SPGold"},"content":{"rendered":"<p>&nbsp;<\/p>\n<p class=\"auto-style32\" style=\"text-align: center;\"><strong>Franchising Spgold<\/strong><\/p>\n<p class=\"auto-style22\" style=\"text-align: center;\"><strong>A SPgold dedica-se \u00e0 reciclagem dos metais preciosos.<\/strong><\/p>\n<p class=\"auto-style27\" style=\"text-align: justify;\"><em>\u00a0 \u00a0Tanto para com\u00e9rcio ou ind\u00fastria e investidores, damos uma nova vida ao seu ouro, prata ou platina; principais metais preciosos que adquirimos.<br \/>\nQualquer desses metais podem ser adquiridos com sinceridade e credibilidade, por valores de mercado aceit\u00e1veis\u00a0 pela maioria dos clientes.<br \/>\nOuro igual a dinheiro pois tem valor de mercado , sendo este o \u00fanico bem que temos em casa que valorizou ao longo dos anos. Tamb\u00e9m negociamos cautelas de penhor e vendemos barras para investimento e fornecimente de ouro para industria.<\/em><\/p>\n<p class=\"auto-style22\" style=\"text-align: center;\"><em><strong>Adquira j\u00e1 o seu proprio neg\u00f3cio, invista num franchising SPGold<\/strong><\/em><\/p>\n<p class=\"auto-style22\" style=\"text-align: center;\"><em><strong>&#8220;Conceito Franchising Chave na M\u00e3o&#8221;<\/strong><\/em><\/p>\n<p class=\"auto-style22\" style=\"text-align: center;\"><img loading=\"lazy\" decoding=\"async\" class=\"alignnone size-full wp-image-2450\" src=\"http:\/\/www.spgold.pt\/web\/wp-content\/uploads\/agencia.png\" alt=\"agencia\" width=\"253\" height=\"203\" srcset=\"https:\/\/www.spgold.pt\/web\/wp-content\/uploads\/agencia.png 253w, https:\/\/www.spgold.pt\/web\/wp-content\/uploads\/agencia-182x146.png 182w, https:\/\/www.spgold.pt\/web\/wp-content\/uploads\/agencia-50x40.png 50w, https:\/\/www.spgold.pt\/web\/wp-content\/uploads\/agencia-93x75.png 93w\" sizes=\"auto, (max-width:767px) 253px, 253px\" \/><\/p>\n<ol>\n<li style=\"text-align: justify;\">No Franchising &#8220;SPGold&#8221; &#8211; o valor inicial do Franchising ser\u00e1 negoci\u00e1vel por ambas as partes.<\/li>\n<li style=\"text-align: justify;\">No Franchising &#8220;SPGold&#8221; &#8211; recebem forma\u00e7\u00e3o te\u00f3rica\/pr\u00e1tica.<\/li>\n<li style=\"text-align: justify;\">No Franchising &#8220;SPGold&#8221; ter\u00e1 direito a decora\u00e7\u00e3o da loja, mobili\u00e1rio, computador, software, impressora multifun\u00e7\u00f5es, cofre, CCTV, equipamento de verifica\u00e7\u00e3o dos metais, balan\u00e7a, mini laborat\u00f3rio SPgold, 50% do valor de um painel publicit\u00e1rio de faxada, primeira publicidade.<\/li>\n<li style=\"text-align: justify;\">No Franchising &#8220;SPGold&#8221; o Franchisado dever\u00e1\u00a0 ter como \u00e1rea recomendada de 15m2 para o espa\u00e7o comercial , telefone de rede fixa, liga\u00e7\u00e3o \u00e0 internet, alarme com liga\u00e7\u00e3o a central, seguro de acidentes de trabalho, ordenado, seguran\u00e7a social, obras no local, seguro Multiriscos, taxas e licen\u00e7as dos reclames exteriores, contrastaria, etc. \u2026<\/li>\n<\/ol>\n<p style=\"text-align: center;\">Como vou acreditar ser um negocio rent\u00e1vel?<\/p>\n<p style=\"text-align: center;\"><strong>Com prova de factura\u00e7\u00e3o da empresa &#8220;SPGold &#8221;\u00a0<\/strong>!!<\/p>\n<p class=\"auto-style22\" style=\"text-align: center;\"><strong>Ligue-nos venha saber mais condi\u00e7\u00f5es desta fantastica oportunidade\u00a0 de neg\u00f3cio!!<\/strong><\/p>\n<p class=\"auto-style22\" style=\"text-align: center;\"><img loading=\"lazy\" decoding=\"async\" class=\"alignnone size-medium wp-image-2451\" src=\"http:\/\/www.spgold.pt\/web\/wp-content\/uploads\/Logo-Template-Logo_10-300x146.png\" alt=\"Logo Template - Logo_10\" width=\"300\" height=\"146\" \/><\/p>\n<p class=\"auto-style24\" style=\"text-align: center;\"><strong><span class=\"auto-style8\"><span class=\"auto-style11\">Credibilidade<\/span><\/span><span class=\"auto-style9\"><span class=\"auto-style19\">\u00a0<\/span><\/span><\/strong><\/p>\n<p class=\"auto-style10\" style=\"text-align: justify;\"><span class=\"auto-style9\"><span class=\"auto-style19\"><em>\u00a0\u00a0A nossa empresa \u00e9 constitu\u00edda por pessoas com vasto conhecimento no ramo da ourivesaria, onde o seu trabalho ao longo dos anos foi feito dentro da seriedade e credibilidade dos seus clientes e fornecedores.<br \/>\nEfectuamos todos os procedimentos que conferem com as leis existentes no pa\u00eds somos uma empresa registada legalmente na conservat\u00f3ria comercial de Lisboa \u2013 <\/em><\/span><span class=\"auto-style11\"><em>Licenciada pela casa da moeda <strong>L340089<\/strong> e <strong>L340097<\/strong>. Estamos assim creditados para adquirir os seus metais preciosos com seguran\u00e7a.<\/em><\/span><\/span><\/p>\n<p>&nbsp;<\/p>\n","protected":false},"excerpt":{"rendered":"<p>&nbsp; Franchising Spgold A SPgold dedica-se \u00e0 reciclagem dos metais preciosos. \u00a0 \u00a0Tanto para com\u00e9rcio ou ind\u00fastria e investidores, damos uma nova vida ao seu ouro,<span class=\"excerpt-hellip\"> [\u2026]<\/span><\/p>\n","protected":false},"author":4,"featured_media":0,"parent":0,"menu_order":0,"comment_status":"closed","ping_status":"closed","template":"","meta":{"footnotes":""},"class_list":["post-2409","page","type-page","status-publish","hentry"],"_links":{"self":[{"href":"https:\/\/www.spgold.pt\/web\/wp-json\/wp\/v2\/pages\/2409","targetHints":{"allow":["GET"]}}],"collection":[{"href":"https:\/\/www.spgold.pt\/web\/wp-json\/wp\/v2\/pages"}],"about":[{"href":"https:\/\/www.spgold.pt\/web\/wp-json\/wp\/v2\/types\/page"}],"author":[{"embeddable":true,"href":"https:\/\/www.spgold.pt\/web\/wp-json\/wp\/v2\/users\/4"}],"replies":[{"embeddable":true,"href":"https:\/\/www.spgold.pt\/web\/wp-json\/wp\/v2\/comments?post=2409"}],"version-history":[{"count":0,"href":"https:\/\/www.spgold.pt\/web\/wp-json\/wp\/v2\/pages\/2409\/revisions"}],"wp:attachment":[{"href":"https:\/\/www.spgold.pt\/web\/wp-json\/wp\/v2\/media?parent=2409"}],"curies":[{"name":"wp","href":"https:\/\/api.w.org\/{rel}","templated":true}]}}